{"id":3,"date":"2025-09-11T05:11:33","date_gmt":"2025-09-11T05:11:33","guid":{"rendered":"https:\/\/backbone.consulting\/?page_id=3"},"modified":"2025-09-16T08:57:59","modified_gmt":"2025-09-16T08:57:59","slug":"mentions-legales","status":"publish","type":"page","link":"https:\/\/backbone.consulting\/en\/mentions-legales\/","title":{"rendered":"Mentions l\u00e9gales"},"content":{"rendered":"<div data-elementor-type=\"wp-page\" data-elementor-id=\"3\" class=\"elementor elementor-3\" data-elementor-post-type=\"page\">\n\t\t\t\t<div class=\"elementor-element elementor-element-c3d2648 e-con-full e-flex e-con e-parent\" data-id=\"c3d2648\" data-element_type=\"container\" data-e-type=\"container\">\n\t\t\t\t<div class=\"elementor-element elementor-element-135e3f2 elementor-widget elementor-widget-heading\" data-id=\"135e3f2\" data-element_type=\"widget\" data-e-type=\"widget\" data-widget_type=\"heading.default\">\n\t\t\t\t\t<h1 class=\"elementor-heading-title elementor-size-default\">Mentions l\u00e9gales<\/h1>\t\t\t\t<\/div>\n\t\t\t\t<div class=\"elementor-element elementor-element-e4dc238 elementor-widget elementor-widget-text-editor\" data-id=\"e4dc238\" data-element_type=\"widget\" data-e-type=\"widget\" data-widget_type=\"text-editor.default\">\n\t\t\t\t\t\t\t\t\t<p><strong>Mis \u00e0 jour le 13 septembre 2025<\/strong><\/p>\t\t\t\t\t\t\t\t<\/div>\n\t\t<header class=\"elementor-element elementor-element-6e599b2 e-con-full e-flex e-con e-child\" data-id=\"6e599b2\" data-element_type=\"container\" data-e-type=\"container\" data-settings=\"{&quot;position&quot;:&quot;absolute&quot;}\">\n\t\t\t\t<div class=\"elementor-element elementor-element-c7eedb0 elementor-widget elementor-widget-spacer\" data-id=\"c7eedb0\" data-element_type=\"widget\" data-e-type=\"widget\" data-widget_type=\"spacer.default\">\n\t\t\t\t\t\t\t<div class=\"elementor-spacer\">\n\t\t\t<div class=\"elementor-spacer-inner\"><\/div>\n\t\t<\/div>\n\t\t\t\t\t\t<\/div>\n\t\t\t\t<\/header>\n\t\t\t\t<\/div>\n\t\t<div class=\"elementor-element elementor-element-e1365b3 e-con-full e-flex e-con e-parent\" data-id=\"e1365b3\" data-element_type=\"container\" data-e-type=\"container\">\n\t\t\t\t<div class=\"elementor-element elementor-element-ad99cde elementor-widget elementor-widget-text-editor\" data-id=\"ad99cde\" data-element_type=\"widget\" data-e-type=\"widget\" data-widget_type=\"text-editor.default\">\n\t\t\t\t\t\t\t\t\t<p>SAS BACKBONE CONSULTING<\/p><p>Activit\u00e9 : Toutes prestations de conseil et de direction aux entreprises, notamment dans le domaine strat\u00e9gique, organisationnel, commercial, administratif, de d\u00e9veloppement, de marketing et de communication, l\u2019acquisition et la gestion de toutes valeurs mobili\u00e8res, prises de participations ou d\u2019int\u00e9r\u00eats, prise de contr\u00f4le dans toutes soci\u00e9t\u00e9s et entreprises.<\/p><p>Soci\u00e9t\u00e9\u00a0par actions simplifi\u00e9es au capital de 20 000\u20ac<br \/>N\u00b0 de Siret : 892 242 827<br \/>Si\u00e8ge social : 128 rue la Bo\u00e9tie \u2013 75008 Paris<\/p><p>N\u00b0 de t\u00e9l\u00e9phone\u00a0: 01 79 97 13 97<\/p><p>En vertu de l\u2019article 6 de la loi n\u00b0 2004-575 du 21 juin 2004 pour la confiance dans l\u2019\u00e9conomie num\u00e9rique, il est pr\u00e9cis\u00e9 aux utilisateurs du site Backbone Consulting \u2013\u00a0www.backbone.consulting \u2013 l\u2019identit\u00e9 des diff\u00e9rents intervenants dans le cadre de sa r\u00e9alisation et de son suivi.<\/p><ul><li><strong><u>PROPRIETAIRE<\/u><\/strong><\/li><\/ul><p>Editeur du Site : SAS BACKBONE Consulting, inscrite au registre du commerce et des soci\u00e9t\u00e9s de PARIS sous le num\u00e9ro 892 242 827, domicili\u00e9e 128 rue la Bo\u00e9tie 75008 PARIS.<br \/>Email :\u00a0<a href=\"mailto:contact@backbone.consulting\">contact@backbone.consulting<\/a><\/p><p>V\u00e9ronique Reille Soult et Victor Boury\u00a0: responsables de la r\u00e9daction et de la publication des contenus \u00e9ditoriaux.<\/p><ul><li><strong><u>DEVELOPPEUR<\/u><\/strong><\/li><\/ul><p>Camila Lopes Masetti \u2013 agence digitale.<br \/>Si\u00e8ge : 21 rue Paul Painlev\u00e9 44000 Nantes<\/p><p>Tel :\u00a0<a href=\"tel:0783382352\">+33 (0)783382352<\/a><br \/>Mail :\u00a0<a href=\"mailto:cam@camila.me\">cam@camila.me<\/a><br \/>Site :\u00a0<a href=\"https:\/\/camila.me\/\" target=\"_blank\" rel=\"noopener\">camila.me<\/a><\/p><ul><li><strong><u>HEBERGEUR<\/u><\/strong><\/li><\/ul><p>Le site est h\u00e9berg\u00e9 par la soci\u00e9t\u00e9 IONOS<br \/>1&amp;1 Internet SARL 1&amp;1 7, place de la Gare,<\/p><p>BP 70109, 57200 Sarreguemines Cedex<\/p><p>Conditions G\u00e9n\u00e9rales :<\/p><p>L\u2019utilisation du site Backbone Consulting \u2013\u00a0<a href=\"https:\/\/backbone.consulting\/en\/\">www.backbone.consulting\u00a0<\/a>\u2013 implique l\u2019acceptation pleine et enti\u00e8re des conditions g\u00e9n\u00e9rales d\u2019utilisation ci-apr\u00e8s d\u00e9crites. Ces conditions d\u2019utilisation sont susceptibles d\u2019\u00eatre modifi\u00e9es ou compl\u00e9t\u00e9es \u00e0 tout moment, les utilisateurs du site Backbone Consulting sont donc invit\u00e9s \u00e0 les consulter de mani\u00e8re r\u00e9guli\u00e8re.<\/p><p>Ce site est normalement accessible \u00e0 tout moment aux utilisateurs. Une interruption pour raison de maintenance technique peut \u00eatre toutefois d\u00e9cid\u00e9e par Backbone Consulting, qui s\u2019efforcera alors de communiquer pr\u00e9alablement aux utilisateurs les dates et heures de l\u2019intervention.<\/p><p>Le site Backbone Consulting \u2013\u00a0<a href=\"https:\/\/backbone.consulting\/en\/\">www.backbone.consulting\u00a0<\/a>\u2013 est mis \u00e0 jour r\u00e9guli\u00e8rement. De la m\u00eame fa\u00e7on, les mentions l\u00e9gales peuvent \u00eatre modifi\u00e9es \u00e0 tout moment : elles s\u2019imposent n\u00e9anmoins \u00e0 l\u2019utilisateur qui est invit\u00e9 \u00e0 s\u2019y r\u00e9f\u00e9rer le plus souvent possible afin d\u2019en prendre connaissance.<\/p><ul><li><strong><u>OBJET DU SITE<\/u><\/strong><\/li><\/ul><p>Ce site a e\u0301te\u0301 cr\u00e9\u00e9\u0301 pour vous fournir des informations sur l\u2019agence Backbone Consulting (actualite\u0301s, services \u2026). Le Site ne saurait constituer une offre contractuelle. Le pre\u0301sent Site diffuse des informations non contractuelles sur Backbone Consulting avec le souci de de\u0301crire l\u2019ensemble de ses offres.<\/p><p>Dans la mesure ou\u0300 la mise a\u0300 jour du pre\u0301sent Site est re\u0301alise\u0301e en tenant compte de l\u2019ensemble des activite\u0301s, il pourrait arriver que certaines informations nouvelles ou annonces ne soient plus valables au moment de leurs diffusions ou qu\u2019elles soient tout simplement de\u0301passe\u0301es. Backbone Consulting ne peut pas garantir, bien qu\u2019elle fasse les efforts ne\u0301cessaires, la parfaite mise a\u0300 jour de toutes les informations ou nouvelles qui sont diffuse\u0301es sur le pre\u0301sent site.<\/p><ul><li><strong><u>GARANTIE<\/u><\/strong><\/li><\/ul><p>Backbone Consulting s\u2019engage a\u0300 ve\u0301rifier que le contenu de son site est conforme aux dispositions le\u0301gales franc\u0327aises en vigueur.<\/p><p>Backbone Consulting s\u2019engage notamment a\u0300 ne pas diffuser de donne\u0301es en violation avec le droit de tiers, a\u0300 caracte\u0300re violent, pornographique ou diffamatoire et a\u0300 ne pas diffuser de contenus illicites, notamment a\u0300 caracte\u0300re raciste, xe\u0301nophobe, pe\u0301dophile ou autrement attentatoire a\u0300 la dignite\u0301 humaine.<\/p><p>Backbone Consulting ne garantit pas l\u2019exactitude et l\u2019exhaustivite\u0301 des informations contenues sur ce Site.<\/p><p>Les documents que nous diffusons en version e\u0301lectronique sur ce Site font l\u2019objet de nombreuses relectures ; ils peuvent toutefois contenir des erreurs. Si vous en constatez n\u2019he\u0301sitez pas a\u0300 nous le faire savoir en nous contactant par e-mail et nous proce\u0301derons aux rectifications correspondantes. Les textes diffuse\u0301s peuvent, par ailleurs, avoir fait, entre le moment ou\u0300 vous les avez visualise\u0301s et celui ou\u0300 vous en prenez connaissance, l\u2019objet de mises a\u0300 jour. Nous ne garantissons par suite en aucune manie\u0300re que ces informations sont exactes, comple\u0300tes et a\u0300 jour.<\/p><ul><li><strong><u>RESPONSABILITE<\/u><\/strong><\/li><\/ul><p>Alors me\u0302me que Backbone Consulting a effectu\u00e9\u0301 les d\u00e9marches n\u00e9cessaires pour s\u2019assurer de la fiabilit\u00e9\u0301 des informations et services contenus sur ce site, il ne saurait e\u0302tre tenu pour responsable d\u2019erreurs, d\u2019omissions, de virus ou des r\u00e9sultats qui pourraient \u00eatre obtenus par un mauvais usage de ceux- ci. Backbone Consulting n\u2019est en effet tenu que d\u2019une simple obligation de moyens.<\/p><p>Les visiteurs s\u2019engagent a\u0300 ne pas soit volontairement soit me\u0302me involontairement introduire de virus ou de fichier de quelque nature que ce soit perturbant le fonctionnement du Site ; dans un tel cas ils en assumeraient seuls la responsabilite\u0301 entie\u0300re.<\/p><p>En aucun cas le Site ne saura e\u0302tre tenu pour responsable d\u2019une perte de donne\u0301es ou d\u2019une de\u0301te\u0301rioration lie\u0301e a\u0300 ces donne\u0301es. Toute information ou conseil fourni par le Site ne saurait e\u0302tre interpre\u0301te\u0301 comme une quelconque garantie.<\/p><p>Par ailleurs, les liens hypertextes mis en place dans le cadre du pr\u00e9sent site internet en direction d\u2019autres ressources pr\u00e9sentes sur le r\u00e9seau Internet ne sauraient engager la responsabilit\u00e9 de Backbone Consulting.<\/p><ul><li><strong><u>DROITS DE PROPRIETE INTELLECTUELLE<\/u><\/strong><\/li><\/ul><p>L\u2019ensemble du contenu de ce site internet et chacun de ses e\u0301le\u0301ments pris se\u0301pare\u0301ment est la proprie\u0301te\u0301 exclusive de Backbone Consulting, de ses clients ou de ses prestataires techniques et rele\u0300ve de la le\u0301gislation franc\u0327aise et internationale sur le droit d\u2019auteur et plus largement de la proprie\u0301te\u0301 intellectuelle.<\/p><p>Toute reproduction, repr\u00e9sentation, modification, publication, adaptation de tout ou partie des \u00e9l\u00e9ments du site, quel que soit le moyen ou le proc\u00e9d\u00e9 utilis\u00e9, est interdite, sauf autorisation \u00e9crite pr\u00e9alable de : Backbone Consulting.<\/p><p>Toute exploitation non autoris\u00e9e du site ou d\u2019un quelconque \u00e9l\u00e9ment qu\u2019il contient sera consid\u00e9r\u00e9e comme constitutive d\u2019une contrefa\u00e7on et poursuivie conform\u00e9ment aux dispositions des articles L.335-2 et suivants du Code de Propri\u00e9t\u00e9 Intellectuelle.<\/p><ul><li><strong><u>DONNEES PERSONNELLES<\/u><\/strong><\/li><\/ul><p>En France, les donn\u00e9es personnelles sont notamment prot\u00e9g\u00e9es par la loi n\u00b0 78-87 du 6 janvier 1978, la loi n\u00b0 2004-801 du 6 ao\u00fbt 2004, l\u2019article L. 226-13 du Code p\u00e9nal et la Directive Europ\u00e9enne du 24 octobre 1995.<\/p><p>\u00c0 l\u2019occasion de l\u2019utilisation du site Backbone Consulting \u2013 www.backbone.consulting\u00a0\u2013, peuvent \u00eatres recueillies : l\u2019URL des liens par l\u2019interm\u00e9diaire desquels l\u2019utilisateur a acc\u00e9d\u00e9 au site, le fournisseur d\u2019acc\u00e8s de l\u2019utilisateur, l\u2019adresse de protocole Internet (IP) de l\u2019utilisateur.<\/p><p>En tout \u00e9tat de cause Backbone Consulting ne collecte des informations personnelles relatives \u00e0 l\u2019utilisateur que pour le besoin de certains services propos\u00e9s par le site. L\u2019utilisateur fournit ces informations en toute connaissance de cause, notamment lorsqu\u2019il proc\u00e8de par lui-m\u00eame \u00e0 leur saisie. Il est alors pr\u00e9cis\u00e9 \u00e0 l\u2019utilisateur du site l\u2019obligation ou non de fournir ces informations.<\/p><p>Conform\u00e9ment aux dispositions des articles 38 et suivants de la loi 78-17 du 6 janvier 1978 relative \u00e0 l\u2019informatique, aux fichiers et aux libert\u00e9s, tout utilisateur dispose d\u2019un droit d\u2019acc\u00e8s, de rectification et d\u2019opposition aux donn\u00e9es personnelles le concernant, en effectuant sa demande \u00e9crite et sign\u00e9e, accompagn\u00e9e d\u2019une copie du titre d\u2019identit\u00e9 avec signature du titulaire de la pi\u00e8ce, en pr\u00e9cisant l\u2019adresse \u00e0 laquelle la r\u00e9ponse doit \u00eatre envoy\u00e9e.<\/p><p>Aucune information personnelle de l\u2019utilisateur du site Backbone Consulting \u2013 www.backbone.consulting\u00a0\u2013 n\u2019est publi\u00e9e \u00e0 l\u2019insu de l\u2019utilisateur, \u00e9chang\u00e9e, transf\u00e9r\u00e9e, c\u00e9d\u00e9e ou vendue sur un support quelconque \u00e0 des tiers. Seule l\u2019hypoth\u00e8se du rachat de Backbone Consulting et de ses droits permettrait la transmission des dites informations \u00e0 l\u2019\u00e9ventuel acqu\u00e9reur qui serait \u00e0 son tour tenu de la m\u00eame obligation de conservation et de modification des donn\u00e9es vis \u00e0 vis de l\u2019utilisateur du site Backbone Consulting.<\/p><p>Le site n\u2019est pas d\u00e9clar\u00e9 \u00e0 la CNIL car il ne recueille pas d\u2019informations personnelles.<\/p><p>Les bases de donn\u00e9es sont prot\u00e9g\u00e9es par les dispositions de la loi du 1er juillet 1998 transposant la directive 96\/9 du 11 mars 1996 relative \u00e0 la protection juridique des bases de donn\u00e9es.<\/p><ul><li><strong><u>COOKIES<\/u><\/strong><\/li><\/ul><p>Le site Backbone Consulting \u2013\u00a0www.backbone.consulting \u2013 contient un certain nombre de liens hypertextes vers d\u2019autres sites, mis en place avec l\u2019autorisation de Backbone Consulting. Cependant, Backbone Consulting n\u2019a pas la possibilit\u00e9 de v\u00e9rifier le contenu des sites ainsi visit\u00e9s, et n\u2019assumera en cons\u00e9quence aucune responsabilit\u00e9 de ce fait.<\/p><p>La navigation sur le site est susceptible de provoquer l\u2019installation de cookie(s) sur l\u2019ordinateur de l\u2019utilisateur. Un cookie est un fichier de petite taille, qui ne permet pas l\u2019identification de l\u2019utilisateur, mais qui enregistre des informations relatives \u00e0 la navigation d\u2019un ordinateur sur un site. Les donn\u00e9es ainsi obtenues visent \u00e0 faciliter la navigation ult\u00e9rieure sur le site, et ont \u00e9galement vocation \u00e0 permettre diverses mesures de fr\u00e9quentation.<\/p>\t\t\t\t\t\t\t\t<\/div>\n\t\t<header class=\"elementor-element elementor-element-276b7de e-con-full e-flex e-con e-child\" data-id=\"276b7de\" data-element_type=\"container\" data-e-type=\"container\" data-settings=\"{&quot;position&quot;:&quot;absolute&quot;}\">\n\t\t\t\t<div class=\"elementor-element elementor-element-97b0720 elementor-widget elementor-widget-spacer\" data-id=\"97b0720\" data-element_type=\"widget\" data-e-type=\"widget\" data-widget_type=\"spacer.default\">\n\t\t\t\t\t\t\t<div class=\"elementor-spacer\">\n\t\t\t<div class=\"elementor-spacer-inner\"><\/div>\n\t\t<\/div>\n\t\t\t\t\t\t<\/div>\n\t\t\t\t<\/header>\n\t\t\t\t<\/div>\n\t\t\t\t<\/div>","protected":false},"excerpt":{"rendered":"<p>Mis \u00e0 jour le 13 septembre 2025 SAS BACKBONE CONSULTING Activit\u00e9 : Toutes prestations de conseil et de direction aux entreprises, notamment dans le domaine strat\u00e9gique, organisationnel, commercial, administratif, de d\u00e9veloppement, de marketing et de communication, l\u2019acquisition et la gestion de toutes valeurs mobili\u00e8res, prises de participations ou d\u2019int\u00e9r\u00eats, prise de contr\u00f4le dans toutes soci\u00e9t\u00e9s [&hellip;]<\/p>\n","protected":false},"author":1,"featured_media":0,"parent":0,"menu_order":0,"comment_status":"closed","ping_status":"open","template":"","meta":{"footnotes":""},"class_list":["post-3","page","type-page","status-publish","hentry"],"_links":{"self":[{"href":"https:\/\/backbone.consulting\/en\/wp-json\/wp\/v2\/pages\/3","targetHints":{"allow":["GET"]}}],"collection":[{"href":"https:\/\/backbone.consulting\/en\/wp-json\/wp\/v2\/pages"}],"about":[{"href":"https:\/\/backbone.consulting\/en\/wp-json\/wp\/v2\/types\/page"}],"author":[{"embeddable":true,"href":"https:\/\/backbone.consulting\/en\/wp-json\/wp\/v2\/users\/1"}],"replies":[{"embeddable":true,"href":"https:\/\/backbone.consulting\/en\/wp-json\/wp\/v2\/comments?post=3"}],"version-history":[{"count":7,"href":"https:\/\/backbone.consulting\/en\/wp-json\/wp\/v2\/pages\/3\/revisions"}],"predecessor-version":[{"id":332,"href":"https:\/\/backbone.consulting\/en\/wp-json\/wp\/v2\/pages\/3\/revisions\/332"}],"wp:attachment":[{"href":"https:\/\/backbone.consulting\/en\/wp-json\/wp\/v2\/media?parent=3"}],"curies":[{"name":"wp","href":"https:\/\/api.w.org\/{rel}","templated":true}]}}